{"id":61,"date":"2020-01-23T18:21:52","date_gmt":"2020-01-23T18:21:52","guid":{"rendered":"https:\/\/demosites.io\/web-agency-gb\/?page_id=61"},"modified":"2023-11-22T11:44:55","modified_gmt":"2023-11-22T11:44:55","slug":"15c42-web-agency-gb-about-us","status":"publish","type":"page","link":"https:\/\/parcaistasyonu.com.tr\/index.php\/15c42-web-agency-gb-about-us\/","title":{"rendered":"About Us"},"content":{"rendered":"\n<div class=\"wp-block-cover alignfull\" style=\"min-height:145px;aspect-ratio:unset;\"><span aria-hidden=\"true\" class=\"wp-block-cover__background has-nv-site-bg-background-color has-background-dim-100 has-background-dim\"><\/span><div class=\"wp-block-cover__inner-container is-layout-flow wp-block-cover-is-layout-flow\">\n<div class=\"wp-block-group\"><div class=\"wp-block-group__inner-container is-layout-flow wp-block-group-is-layout-flow\">\n<h1 class=\"wp-block-heading has-text-align-left has-neve-text-color-color has-text-color\">HAKKIMIZDA<\/h1>\n<\/div><\/div>\n<\/div><\/div>\n\n\n\n<div class=\"wp-block-cover alignfull\" style=\"min-height:600px;aspect-ratio:unset;\"><span aria-hidden=\"true\" class=\"wp-block-cover__background has-nv-light-bg-background-color has-background-dim-100 has-background-dim\"><\/span><div class=\"wp-block-cover__inner-container is-layout-flow wp-block-cover-is-layout-flow\">\n<div class=\"wp-block-group\"><div class=\"wp-block-group__inner-container is-layout-flow wp-block-group-is-layout-flow\">\n<div style=\"height:80px\" aria-hidden=\"true\" class=\"wp-block-spacer\"><\/div>\n\n\n\n<div class=\"wp-block-columns are-vertically-aligned-top has-neve-text-color-color has-text-color is-layout-flex wp-container-core-columns-is-layout-9d6595d7 wp-block-columns-is-layout-flex\">\n<div class=\"wp-block-column is-vertically-aligned-top is-layout-flow wp-block-column-is-layout-flow\" style=\"flex-basis:50%\">\n<figure class=\"wp-block-image size-large\"><img decoding=\"async\" width=\"600\" height=\"600\" src=\"https:\/\/ml9facieohct.i.optimole.com\/w:auto\/h:auto\/q:mauto\/f:best\/https:\/\/parcaistasyonu.com.tr\/wp-content\/uploads\/2020\/01\/neve-web-design-bg-09.jpg\" alt=\"\" class=\"wp-image-36\"\/><\/figure>\n<\/div>\n\n\n\n<div class=\"wp-block-column is-vertically-aligned-top is-layout-flow wp-block-column-is-layout-flow\" style=\"flex-basis:50%\">\n<h2 class=\"wp-block-heading has-neve-text-color-color has-text-color\"><br>PAR\u00c7A \u0130STASYONU A.\u015e.<\/h2>\n\n\n\n<p>Ho\u015f Geldiniz!<\/p>\n\n\n\n<p>Biz, Otomotiv sekt\u00f6r\u00fcnde 45 y\u0131l\u0131 a\u015fk\u0131n bir ge\u00e7mi\u015fe sahip, 10 y\u0131l\u0131n \u00fczerinde Sigorta sekt\u00f6r\u00fcnde deneyime sahip ve 6 y\u0131ldan fazla Yedek Par\u00e7a tedari\u011finde uzmanla\u015fm\u0131\u015f bir ekibiz.<\/p>\n\n\n\n<p>Par\u00e7a \u0130stasyonu Otomotiv A.\u015e olarak sekt\u00f6rdeki deneyim ve uzmanl\u0131\u011f\u0131m\u0131z ile m\u00fc\u015fterilere g\u00fcvenilir ve kaliteli hizmet sunmay\u0131 hedefliyoruz.<\/p>\n\n\n\n<p>Ge\u00e7mi\u015fimiz:<\/p>\n\n\n\n<p>2017 y\u0131l\u0131nda kurulan \u015firketimiz, Yedek Par\u00e7a Tedarik sekt\u00f6r\u00fcndeki ihtiya\u00e7lara g\u00f6re geli\u015fim g\u00f6stermekteyiz. M\u00fc\u015fteri memnuniyetine verdi\u011fimiz \u00f6nemle, sekt\u00f6rde iyi bir konuma gelmi\u015f bulunmaktay\u0131z.<\/p>\n\n\n\n<p>Vizyonumuz:<\/p>\n\n\n\n<p>M\u00fc\u015fterilerimize \u00fcst d\u00fczeyde de\u011fer sa\u011flamay\u0131 hedefleyen Par\u00e7a \u0130stasyonu Oto. A.\u015e, s\u00fcrekli iyile\u015ftirme ve geli\u015ftirmelere a\u00e7\u0131k bir yakla\u015f\u0131mla \u00e7al\u0131\u015f\u0131r. Sadece Yedek Par\u00e7a tedarik\u00e7isi olman\u0131n \u00f6tesinde, Yedek Par\u00e7an\u0131n en k\u0131sa s\u00fcrede sizlere ula\u015ft\u0131rman\u0131n g\u00fcvenilir bir kargo \u015firketi ile olaca\u011f\u0131n\u0131 bildi\u011fimizden bu konuda Partnerimiz Yurt \u0130\u00e7i Kargo ile hizmet vermekteyiz.<\/p>\n\n\n\n<p>Neden Biz?<\/p>\n\n\n\n<p>Y\u00fcksek Kalite Standartlar\u0131: Satt\u0131\u011f\u0131m\u0131z her \u00fcr\u00fcn, titiz kalite kontrollerinden ge\u00e7er.<\/p>\n\n\n\n<p>H\u0131zl\u0131 ve G\u00fcvenilir Tedarik: M\u00fc\u015fterilerimizin ihtiya\u00e7lar\u0131na en k\u0131sa s\u00fcrede \u00e7\u00f6z\u00fcm sunar\u0131z.<\/p>\n\n\n\n<p>Deneyimli ekibimiz, her a\u015famada m\u00fc\u015fteri memnuniyetini sa\u011flamaya odaklan\u0131r.<\/p>\n\n\n\n<p>\u0130leti\u015fim:<\/p>\n\n\n\n<p>Sorular\u0131n\u0131z, \u00f6nerileriniz veya i\u015fbirli\u011fi talepleriniz i\u00e7in bizimle ileti\u015fime ge\u00e7mekten \u00e7ekinmeyin. Sizlere daha iyi hizmet verebilmek i\u00e7in buraday\u0131z.<\/p>\n\n\n\n<p>Te\u015fekk\u00fcr eder, sa\u011fl\u0131kl\u0131 ve ba\u015far\u0131l\u0131 i\u015f ili\u015fkileri dileriz.<\/p>\n\n\n\n<p>Sayg\u0131lar\u0131m\u0131zla,<\/p>\n<\/div>\n<\/div>\n\n\n\n<div style=\"height:40px\" aria-hidden=\"true\" class=\"wp-block-spacer\"><\/div>\n<\/div><\/div>\n<\/div><\/div>\n","protected":false},"excerpt":{"rendered":"","protected":false},"author":1,"featured_media":0,"parent":0,"menu_order":0,"comment_status":"closed","ping_status":"closed","template":"","meta":{"neve_meta_sidebar":"default","neve_meta_container":"default","neve_meta_enable_content_width":"on","neve_meta_content_width":100,"neve_meta_title_alignment":"","neve_meta_author_avatar":"","neve_post_elements_order":"","neve_meta_disable_header":"","neve_meta_disable_footer":"","neve_meta_disable_title":"on","_themeisle_gutenberg_block_has_review":false,"_ti_tpc_template_sync":false,"_ti_tpc_template_id":"eex7gnweb2m8vo93cr1g","footnotes":""},"class_list":["post-61","page","type-page","status-publish","hentry"],"_links":{"self":[{"href":"https:\/\/parcaistasyonu.com.tr\/index.php\/wp-json\/wp\/v2\/pages\/61","targetHints":{"allow":["GET"]}}],"collection":[{"href":"https:\/\/parcaistasyonu.com.tr\/index.php\/wp-json\/wp\/v2\/pages"}],"about":[{"href":"https:\/\/parcaistasyonu.com.tr\/index.php\/wp-json\/wp\/v2\/types\/page"}],"author":[{"embeddable":true,"href":"https:\/\/parcaistasyonu.com.tr\/index.php\/wp-json\/wp\/v2\/users\/1"}],"replies":[{"embeddable":true,"href":"https:\/\/parcaistasyonu.com.tr\/index.php\/wp-json\/wp\/v2\/comments?post=61"}],"version-history":[{"count":11,"href":"https:\/\/parcaistasyonu.com.tr\/index.php\/wp-json\/wp\/v2\/pages\/61\/revisions"}],"predecessor-version":[{"id":441,"href":"https:\/\/parcaistasyonu.com.tr\/index.php\/wp-json\/wp\/v2\/pages\/61\/revisions\/441"}],"wp:attachment":[{"href":"https:\/\/parcaistasyonu.com.tr\/index.php\/wp-json\/wp\/v2\/media?parent=61"}],"curies":[{"name":"wp","href":"https:\/\/api.w.org\/{rel}","templated":true}]}}