{"id":309,"date":"2020-01-13T11:17:52","date_gmt":"2020-01-13T11:17:52","guid":{"rendered":"https:\/\/demosites.io\/web-agency-gb\/?page_id=5"},"modified":"2023-11-22T11:29:34","modified_gmt":"2023-11-22T11:29:34","slug":"15c42-web-agency-gb-home","status":"publish","type":"page","link":"https:\/\/parcaistasyonu.com.tr\/","title":{"rendered":"Home"},"content":{"rendered":"\n<div class=\"wp-block-cover alignfull has-nv-site-bg-color has-text-color has-link-color wp-elements-dcc5cd0b71a3b91ec9d68423907020c9\" style=\"min-height:700px;aspect-ratio:unset;\"><span aria-hidden=\"true\" class=\"wp-block-cover__background has-nv-site-bg-background-color has-background-dim-40 has-background-dim\"><\/span><img decoding=\"async\" width=\"1920\" height=\"1440\" class=\"wp-block-cover__image-background wp-image-381\" alt=\"\" src=\"https:\/\/ml9facieohct.i.optimole.com\/w:auto\/h:auto\/q:mauto\/f:best\/https:\/\/parcaistasyonu.com.tr\/wp-content\/uploads\/2023\/11\/banner3.jpg\" style=\"object-position:50% 50%\" data-object-fit=\"cover\" data-object-position=\"50% 50%\"\/><div class=\"wp-block-cover__inner-container is-layout-flow wp-block-cover-is-layout-flow\">\n<div style=\"height:80px\" aria-hidden=\"true\" class=\"wp-block-spacer\"><\/div>\n\n\n\n<h1 class=\"wp-block-heading has-text-align-center has-text-color\" style=\"color:#121212\">Arad\u0131\u011f\u0131n\u0131z Yedek Par\u00e7ay\u0131<br>bizimle kolay bulabilirsiniz<\/h1>\n\n\n\n<p class=\"has-text-align-center has-text-color\" style=\"color:#121212;font-size:17px\">B4B sistemimizde 178.000 \u00e7e\u015fit \u00fcr\u00fcnle siz de\u011ferli m\u00fc\u015fterilerimize hizmet veriyoruz..<\/p>\n\n\n\n<div class=\"wp-block-buttons is-horizontal is-content-justification-center is-layout-flex wp-container-core-buttons-is-layout-499968f5 wp-block-buttons-is-layout-flex\">\n<div class=\"wp-block-button is-style-secondary\"><a class=\"wp-block-button__link wp-element-button\" href=\"https:\/\/b4b.parcaistasyonu.com.tr\/\">B4B G\u0130R\u0130\u015e YAP<\/a><\/div>\n<\/div>\n\n\n\n<div style=\"height:80px\" aria-hidden=\"true\" class=\"wp-block-spacer\"><\/div>\n\n\n\n<div style=\"height:80px\" aria-hidden=\"true\" class=\"wp-block-spacer\"><\/div>\n<\/div><\/div>\n\n\n\n<div style=\"height:80px\" aria-hidden=\"true\" class=\"wp-block-spacer\"><\/div>\n\n\n\n<div class=\"wp-block-columns is-layout-flex wp-container-core-columns-is-layout-9d6595d7 wp-block-columns-is-layout-flex\">\n<div class=\"wp-block-column is-layout-flow wp-block-column-is-layout-flow\"><div class=\"wp-block-image icon-style is-style-rounded\">\n<figure class=\"aligncenter size-full\"><img decoding=\"async\" width=\"72\" height=\"72\" src=\"https:\/\/ml9facieohct.i.optimole.com\/w:auto\/h:auto\/q:mauto\/f:best\/https:\/\/parcaistasyonu.com.tr\/wp-content\/uploads\/2023\/11\/neve-webdesign-GB-03-2.png\" alt=\"\" class=\"wp-image-436\" title=\"\"\/><\/figure>\n<\/div>\n\n\n<div style=\"height:20px\" aria-hidden=\"true\" class=\"wp-block-spacer\"><\/div>\n\n\n\n<h3 class=\"wp-block-heading has-text-align-center has-neve-text-color-color has-text-color\">HESAPLI<\/h3>\n\n\n\n<p class=\"has-text-align-center\">Size en uygun fiyatlar\u0131 sunuyoruz.<\/p>\n\n\n\n<div style=\"height:20px\" aria-hidden=\"true\" class=\"wp-block-spacer\"><\/div>\n<\/div>\n\n\n\n<div class=\"wp-block-column is-layout-flow wp-block-column-is-layout-flow\"><div class=\"wp-block-image icon-style is-style-rounded\">\n<figure class=\"aligncenter size-full\"><img decoding=\"async\" width=\"72\" height=\"72\" src=\"https:\/\/ml9facieohct.i.optimole.com\/w:auto\/h:auto\/q:mauto\/f:best\/https:\/\/parcaistasyonu.com.tr\/wp-content\/uploads\/2023\/11\/neve-webdesign-GB-04.png\" alt=\"\" class=\"wp-image-391\"\/><\/figure>\n<\/div>\n\n\n<div style=\"height:20px\" aria-hidden=\"true\" class=\"wp-block-spacer\"><\/div>\n\n\n\n<h3 class=\"wp-block-heading has-text-align-center has-neve-text-color-color has-text-color\">G\u00dcVEN\u0130L\u0130R<\/h3>\n\n\n\n<p class=\"has-text-align-center\">Uzman kadromuz ile kaliteli ve g\u00fcvenilir teslimat hizmetini veriyoruz.<\/p>\n\n\n\n<div style=\"height:20px\" aria-hidden=\"true\" class=\"wp-block-spacer\"><\/div>\n<\/div>\n\n\n\n<div class=\"wp-block-column is-layout-flow wp-block-column-is-layout-flow\"><div class=\"wp-block-image icon-style is-style-rounded\">\n<figure class=\"aligncenter size-full\"><img data-opt-src=\"https:\/\/ml9facieohct.i.optimole.com\/w:auto\/h:auto\/q:mauto\/f:best\/https:\/\/parcaistasyonu.com.tr\/wp-content\/uploads\/2023\/11\/neve-webdesign-GB-03.png\"  decoding=\"async\" width=\"72\" height=\"72\" src=\"data:image/svg+xml,%3Csvg%20viewBox%3D%220%200%2072%2072%22%20width%3D%2272%22%20height%3D%2272%22%20xmlns%3D%22http%3A%2F%2Fwww.w3.org%2F2000%2Fsvg%22%3E%3Crect%20width%3D%2272%22%20height%3D%2272%22%20fill%3D%22transparent%22%2F%3E%3C%2Fsvg%3E\" alt=\"\" class=\"wp-image-390\"\/><\/figure>\n<\/div>\n\n\n<div style=\"height:20px\" aria-hidden=\"true\" class=\"wp-block-spacer\"><\/div>\n\n\n\n<h3 class=\"wp-block-heading has-text-align-center has-neve-text-color-color has-text-color\">GARANT\u0130L\u0130<\/h3>\n\n\n\n<p class=\"has-text-align-center\">Yedek par\u00e7a garantisi veriyoruz.<\/p>\n\n\n\n<div style=\"height:20px\" aria-hidden=\"true\" class=\"wp-block-spacer\"><\/div>\n<\/div>\n<\/div>\n\n\n\n<div style=\"height:80px\" aria-hidden=\"true\" class=\"wp-block-spacer\"><\/div>\n\n\n\n<div class=\"wp-block-cover alignfull\" style=\"min-height:600px;aspect-ratio:unset;\"><span aria-hidden=\"true\" class=\"wp-block-cover__background has-nv-light-bg-background-color has-background-dim-100 has-background-dim\"><\/span><div class=\"wp-block-cover__inner-container is-layout-flow wp-block-cover-is-layout-flow\">\n<div class=\"wp-block-group\"><div class=\"wp-block-group__inner-container is-layout-flow wp-block-group-is-layout-flow\">\n<div style=\"height:80px\" aria-hidden=\"true\" class=\"wp-block-spacer\"><\/div>\n\n\n\n<div class=\"wp-block-columns are-vertically-aligned-center is-layout-flex wp-container-core-columns-is-layout-9d6595d7 wp-block-columns-is-layout-flex\">\n<div class=\"wp-block-column is-vertically-aligned-center is-layout-flow wp-block-column-is-layout-flow\" style=\"flex-basis:50%\">\n<figure class=\"wp-block-image size-full\"><img data-opt-src=\"https:\/\/ml9facieohct.i.optimole.com\/w:auto\/h:auto\/q:mauto\/f:best\/https:\/\/parcaistasyonu.com.tr\/wp-content\/uploads\/2023\/11\/car-body-parts.jpg\"  decoding=\"async\" width=\"500\" height=\"333\" src=\"data:image/svg+xml,%3Csvg%20viewBox%3D%220%200%20500%20333%22%20width%3D%22500%22%20height%3D%22333%22%20xmlns%3D%22http%3A%2F%2Fwww.w3.org%2F2000%2Fsvg%22%3E%3Crect%20width%3D%22500%22%20height%3D%22333%22%20fill%3D%22transparent%22%2F%3E%3C%2Fsvg%3E\" alt=\"\" class=\"wp-image-396\"\/><\/figure>\n<\/div>\n\n\n\n<div class=\"wp-block-column is-vertically-aligned-center is-layout-flow wp-block-column-is-layout-flow\" style=\"flex-basis:50%\">\n<div style=\"height:20px\" aria-hidden=\"true\" class=\"wp-block-spacer\"><\/div>\n\n\n\n<h2 class=\"wp-block-heading has-text-align-left has-neve-text-color-color has-text-color\">S\u0130GORTA TEDAR\u0130K \u00dcR\u00dcNLER\u0130M\u0130Z<\/h2>\n\n\n\n<ul style=\"font-size:17px\" class=\"has-neve-text-color-color has-text-color wp-block-list\">\n<li class=\"has-medium-font-size\"><strong>Kaporta aksam\u0131 <\/strong><\/li>\n\n\n\n<li class=\"has-medium-font-size\"><strong>Mekanik aksam\u0131<\/strong><\/li>\n\n\n\n<li class=\"has-medium-font-size\"><strong>Y\u00fcr\u00fcr aksam\u0131<\/strong><\/li>\n<\/ul>\n<\/div>\n<\/div>\n\n\n\n<div style=\"height:40px\" aria-hidden=\"true\" class=\"wp-block-spacer\"><\/div>\n<\/div><\/div>\n<\/div><\/div>\n\n\n\n<div class=\"wp-block-cover alignfull\" style=\"min-height:600px;aspect-ratio:unset;\"><span aria-hidden=\"true\" class=\"wp-block-cover__background has-nv-site-bg-background-color has-background-dim-100 has-background-dim\"><\/span><div class=\"wp-block-cover__inner-container is-layout-flow wp-block-cover-is-layout-flow\">\n<div class=\"wp-block-group\"><div class=\"wp-block-group__inner-container is-layout-flow wp-block-group-is-layout-flow\">\n<div style=\"height:80px\" aria-hidden=\"true\" class=\"wp-block-spacer\"><\/div>\n\n\n\n<div class=\"wp-block-columns are-vertically-aligned-center is-layout-flex wp-container-core-columns-is-layout-9d6595d7 wp-block-columns-is-layout-flex\">\n<div class=\"wp-block-column is-vertically-aligned-center is-layout-flow wp-block-column-is-layout-flow\" style=\"flex-basis:50%\">\n<h3 class=\"wp-block-heading has-text-align-left has-neve-text-color-color has-text-color has-x-large-font-size\">Anla\u015fmal\u0131 Sigorta \u015eirketleri<\/h3>\n\n\n\n<p class=\"has-text-align-left has-neve-text-color-color has-text-color\" style=\"font-size:19px\">Anadolu Sigorta<br>Atlas Sigorta<br>Bereket Sigorta<br>Corpus Sigorta<br>Eureko Sigorta<br>Fiba Sigorta<br>Gulf Sigorta<br>HDI Sigorta<br>HDI Kat\u0131l\u0131m Sigorta<br>Quick Sigorta<br>T\u00fcrkiye Sigorta<br>T\u00fcrkiye Kat\u0131l\u0131m Sigorta<br><\/p>\n\n\n\n<div style=\"height:40px\" aria-hidden=\"true\" class=\"wp-block-spacer\"><\/div>\n<\/div>\n\n\n\n<div class=\"wp-block-column is-vertically-aligned-center is-layout-flow wp-block-column-is-layout-flow\" style=\"flex-basis:50%\">\n<figure class=\"wp-block-image size-full\"><img data-opt-src=\"https:\/\/ml9facieohct.i.optimole.com\/w:auto\/h:auto\/q:mauto\/f:best\/https:\/\/parcaistasyonu.com.tr\/wp-content\/uploads\/2023\/11\/2.png\"  decoding=\"async\" width=\"452\" height=\"201\" src=\"data:image/svg+xml,%3Csvg%20viewBox%3D%220%200%20452%20201%22%20width%3D%22452%22%20height%3D%22201%22%20xmlns%3D%22http%3A%2F%2Fwww.w3.org%2F2000%2Fsvg%22%3E%3Crect%20width%3D%22452%22%20height%3D%22201%22%20fill%3D%22transparent%22%2F%3E%3C%2Fsvg%3E\" alt=\"\" class=\"wp-image-433\"\/><\/figure>\n<\/div>\n<\/div>\n\n\n\n<div style=\"height:40px\" aria-hidden=\"true\" class=\"wp-block-spacer\"><\/div>\n<\/div><\/div>\n<\/div><\/div>\n\n\n\n<div class=\"wp-block-cover alignfull\" style=\"min-height:600px;aspect-ratio:unset;\"><span aria-hidden=\"true\" class=\"wp-block-cover__background has-nv-site-bg-background-color has-background-dim-100 has-background-dim\"><\/span><div class=\"wp-block-cover__inner-container is-layout-flow wp-block-cover-is-layout-flow\">\n<div class=\"wp-block-group\"><div class=\"wp-block-group__inner-container is-layout-flow wp-block-group-is-layout-flow\">\n<div style=\"height:80px\" aria-hidden=\"true\" class=\"wp-block-spacer\"><\/div>\n\n\n\n<h2 class=\"wp-block-heading has-neve-text-color-color has-text-color\">Yedek Par\u00e7a Marka \u00c7e\u015fidimiz<\/h2>\n\n\n\n<div style=\"height:20px\" aria-hidden=\"true\" class=\"wp-block-spacer\"><\/div>\n\n\n\n<div class=\"wp-block-columns are-vertically-aligned-center is-layout-flex wp-container-core-columns-is-layout-9d6595d7 wp-block-columns-is-layout-flex\">\n<div class=\"wp-block-column is-vertically-aligned-center is-layout-flow wp-block-column-is-layout-flow\" style=\"flex-basis:50%\">\n<figure class=\"wp-block-image size-full\"><img data-opt-src=\"https:\/\/ml9facieohct.i.optimole.com\/w:auto\/h:auto\/q:mauto\/f:best\/https:\/\/parcaistasyonu.com.tr\/wp-content\/uploads\/2023\/11\/wwwww.png\"  decoding=\"async\" width=\"979\" height=\"603\" src=\"data:image/svg+xml,%3Csvg%20viewBox%3D%220%200%20979%20603%22%20width%3D%22979%22%20height%3D%22603%22%20xmlns%3D%22http%3A%2F%2Fwww.w3.org%2F2000%2Fsvg%22%3E%3Crect%20width%3D%22979%22%20height%3D%22603%22%20fill%3D%22transparent%22%2F%3E%3C%2Fsvg%3E\" alt=\"\" class=\"wp-image-404\"\/><\/figure>\n\n\n\n<div style=\"height:40px\" aria-hidden=\"true\" class=\"wp-block-spacer\"><\/div>\n<\/div>\n\n\n\n<div class=\"wp-block-column is-vertically-aligned-center is-layout-flow wp-block-column-is-layout-flow\" style=\"flex-basis:50%\">\n<figure class=\"wp-block-image size-full\"><img data-opt-src=\"https:\/\/ml9facieohct.i.optimole.com\/w:auto\/h:auto\/q:mauto\/f:best\/https:\/\/parcaistasyonu.com.tr\/wp-content\/uploads\/2023\/11\/banner.1.jpg\"  decoding=\"async\" width=\"600\" height=\"400\" src=\"data:image/svg+xml,%3Csvg%20viewBox%3D%220%200%20600%20400%22%20width%3D%22600%22%20height%3D%22400%22%20xmlns%3D%22http%3A%2F%2Fwww.w3.org%2F2000%2Fsvg%22%3E%3Crect%20width%3D%22600%22%20height%3D%22400%22%20fill%3D%22transparent%22%2F%3E%3C%2Fsvg%3E\" alt=\"\" class=\"wp-image-408\"\/><\/figure>\n\n\n\n<div style=\"height:40px\" aria-hidden=\"true\" class=\"wp-block-spacer\"><\/div>\n<\/div>\n<\/div>\n\n\n\n<div style=\"height:40px\" aria-hidden=\"true\" class=\"wp-block-spacer\"><\/div>\n<\/div><\/div>\n<\/div><\/div>\n\n\n\n<div class=\"wp-block-cover alignfull\" style=\"min-height:300px;aspect-ratio:unset;\"><span aria-hidden=\"true\" class=\"wp-block-cover__background has-nv-dark-bg-background-color has-background-dim-100 has-background-dim\"><\/span><div class=\"wp-block-cover__inner-container is-layout-flow wp-block-cover-is-layout-flow\">\n<div style=\"height:140px\" aria-hidden=\"true\" class=\"wp-block-spacer\"><\/div>\n\n\n\n<h2 class=\"wp-block-heading has-text-align-center has-nv-text-dark-bg-color has-text-color\">Arad\u0131\u011f\u0131n\u0131z Yedek Par\u00e7ay\u0131<br>bizimle kolay bulabilirsiniz<\/h2>\n\n\n\n<p class=\"has-text-align-center\">B4B sistemimizde 178.000 \u00e7e\u015fit \u00fcr\u00fcnle siz de\u011ferli m\u00fc\u015fterilerimize hizmet veriyoruz..<\/p>\n\n\n\n<div class=\"wp-block-buttons is-horizontal is-content-justification-center is-layout-flex wp-container-core-buttons-is-layout-499968f5 wp-block-buttons-is-layout-flex\">\n<div class=\"wp-block-button is-style-primary\"><a class=\"wp-block-button__link wp-element-button\" href=\"https:\/\/b4b.parcaistasyonu.com.tr\/\">B4B G\u0130R\u0130\u015e YAP<\/a><\/div>\n<\/div>\n\n\n\n<div style=\"height:140px\" aria-hidden=\"true\" class=\"wp-block-spacer\"><\/div>\n<\/div><\/div>\n","protected":false},"excerpt":{"rendered":"<p>HESAPLI Size en uygun fiyatlar\u0131 sunuyoruz. G\u00dcVEN\u0130L\u0130R Uzman kadromuz ile kaliteli ve g\u00fcvenilir teslimat hizmetini veriyoruz. GARANT\u0130L\u0130 Yedek par\u00e7a garantisi veriyoruz.<\/p>\n","protected":false},"author":1,"featured_media":0,"parent":0,"menu_order":0,"comment_status":"closed","ping_status":"closed","template":"","meta":{"neve_meta_sidebar":"default","neve_meta_container":"default","neve_meta_enable_content_width":"on","neve_meta_content_width":100,"neve_meta_title_alignment":"","neve_meta_author_avatar":"","neve_post_elements_order":"","neve_meta_disable_header":"","neve_meta_disable_footer":"","neve_meta_disable_title":"on","_themeisle_gutenberg_block_has_review":false,"_ti_tpc_template_sync":false,"_ti_tpc_template_id":"5udqur826ojgsxrmsxsc","footnotes":""},"class_list":["post-309","page","type-page","status-publish","hentry"],"_links":{"self":[{"href":"https:\/\/parcaistasyonu.com.tr\/index.php\/wp-json\/wp\/v2\/pages\/309","targetHints":{"allow":["GET"]}}],"collection":[{"href":"https:\/\/parcaistasyonu.com.tr\/index.php\/wp-json\/wp\/v2\/pages"}],"about":[{"href":"https:\/\/parcaistasyonu.com.tr\/index.php\/wp-json\/wp\/v2\/types\/page"}],"author":[{"embeddable":true,"href":"https:\/\/parcaistasyonu.com.tr\/index.php\/wp-json\/wp\/v2\/users\/1"}],"replies":[{"embeddable":true,"href":"https:\/\/parcaistasyonu.com.tr\/index.php\/wp-json\/wp\/v2\/comments?post=309"}],"version-history":[{"count":30,"href":"https:\/\/parcaistasyonu.com.tr\/index.php\/wp-json\/wp\/v2\/pages\/309\/revisions"}],"predecessor-version":[{"id":437,"href":"https:\/\/parcaistasyonu.com.tr\/index.php\/wp-json\/wp\/v2\/pages\/309\/revisions\/437"}],"wp:attachment":[{"href":"https:\/\/parcaistasyonu.com.tr\/index.php\/wp-json\/wp\/v2\/media?parent=309"}],"curies":[{"name":"wp","href":"https:\/\/api.w.org\/{rel}","templated":true}]}}